{"id":990,"date":"2020-06-02T22:05:11","date_gmt":"2020-06-02T22:05:11","guid":{"rendered":"https:\/\/silver-moose-417393.hostingersite.com\/?page_id=990"},"modified":"2020-08-31T14:58:03","modified_gmt":"2020-08-31T14:58:03","slug":"iot-retail","status":"publish","type":"page","link":"https:\/\/servibarras.com\/en\/soluciones\/soluciones-de-marketing-y-promocionales\/iot-retail\/","title":{"rendered":""},"content":{"rendered":"<section class=\"banner-homme banner-two\" style=\" margin-top: -10px; \">\n  <div  data-desktop=\"\/wp-content\/uploads\/2020\/06\/backLot.jpg\" \n  class=\"background-image-productos\" data-blur=\"0\" style=\"background:linear-gradient(to right, RGBA(255,255,255,0) 0%,RGBA(0,0,0,0.1) 100%), url(\/wp-content\/uploads\/2020\/06\/backLot.jpg);\">\n  <\/div>\n    <h2 class=\"h2-one-iot\">SOLUCI\u00d3N <span>IOT<span> <\/h2>\n    <h2 class=\"h2-two-iot translation-block\">FOR <span> RETAIL<\/span><\/h2>\n  <\/section>\n\n\n\n<section class=\"iot-sect-title\">\n    <div class=\"row\">\n      <div class=\"col-md-12\">\n        <h3 class=\"translation-block\"><span>IOT<\/span> SOLUTION -<span> SERVIBARRAS<\/span><\/div>\n    <\/div>\n  <\/section>\n\n\n\n<section class=\"brand-positioning-product-decoration\">\n    <div class=\"row content-your-solution\">\n      <div class=\"container-fluid\">\n        <div class=\"col-12 text-info\">\n          <p class=\"translation-block\">With the<span> loT solution for Retail - Servibarras <\/span>we will continue to be the ally that will help you\ndevelop your strategies at the <span>Points of Sale,<\/span> improving the shopper experience (BX) obtaining\nincreases in:<\/p>\n<div class=\"content-threiot\"> \n   <div class=\"row\">\n       <div class=\"col-md-4\">\n           <p>Average Ticket<\/p>\n      <\/div>\n       <div class=\"col-md-4 border-lrblue\">\n           <p>Conversion Rate<\/p>\n      <\/div>\n       <div class=\"col-md-4\">\n          <p>Articles by Ticket <\/p>\n      <\/div>\n   <\/div>\n<\/div>\n  <p style=\" padding-top: 1rem; \">- Loyalty and repurchase will be results you will see from your customers and will also allow you to\nturn the Point of Sale into a smart link in your omni-channel strategy. <span> omnicanalidad.<\/span> \n          <\/p>\n       <div class=\"lin-border-blueiot\"> \n<p class=\"translation-block\"><span>Keonn Technologies<\/span> (<a href=\"https:\/\/www.keonn.com\/\" target=\"_blank\" rel=\"noopener noreferrer\"> (https:\/\/www.keonn.com\/<\/a>), a European company specialized in RFID solutions\nfor Retail, and <span>Servibarras<\/span> as its authorized <span>channel for Colombia, <span>present a complete series of\nintegrated systems for<\/p>\n\n <ul class=\"ul-blue\" style=\" margin: 2rem 1rem; \">\n                <li>\n                  <p>Coding.<\/p>\n                <\/li>\n                <li>\n                  <p>utomatic inventory controls and traceability.<\/p>\n                <\/li>\n                <li>\n                  <p>Cross Selling, Up Selling and experiential\nselling Loss prevention.<\/p>\n                <\/li>\n                <li>\n                  <p>Loss prevention.<\/p>\n                <\/li>\n                <li>\n                  <p>Agile Point of Sale (POS).<\/p>\n                <\/li>\n              <\/ul>\n<p class=\"translation-block\">With a cloud-based<span> software platform<\/span> that will\nallow you to manage, update and monitor your POS in real time.<\/p>\n         <\/div>\n         <div class=\"row\"> \n            <div class=\"col-md-12\"> \n                <img decoding=\"async\" class=\"img-fluid center\" src=\"\/wp-content\/uploads\/2020\/06\/Iote01.jpg\" alt=\"\">\n            <\/div\n> \n                <img decoding=\"async\" class=\"img-fluid center\" src=\"\/wp-content\/uploads\/2020\/06\/Iote02.jpg\" alt=\"\" style=\" border-top: 5px solid #E0E1E3; \">\n            <\/div>\n      <div class=\"col-md-12\"> \n                <img decoding=\"async\" class=\"img-fluid center\" src=\"\/wp-content\/uploads\/2020\/06\/Iote03.jpg\" alt=\"\" style=\" border-top: 5px solid #E0E1E3; \">\n            <\/div>\n      <div class=\"col-md-12\"> \n                <img decoding=\"async\" class=\"img-fluid center\" src=\"\/wp-content\/uploads\/2020\/06\/Iote04.jpg\" alt=\"\" style=\" border-top: 5px solid #E0E1E3; \">\n            <\/div>\n      <div class=\"col-md-12\"> \n                <img decoding=\"async\" class=\"img-fluid center\" src=\"\/wp-content\/uploads\/2020\/06\/Iote05.jpg\" alt=\"\" style=\" border-top: 5px solid #E0E1E3; \">\n            <\/div>\n      <div class=\"col-md-12\"> \n                <img decoding=\"async\" class=\"img-fluid center\" src=\"\/wp-content\/uploads\/2020\/06\/Iote06.jpg\" alt=\"\" style=\" border-top: 5px solid #E0E1E3; \">\n            <\/div>\n      <div class=\"col-md-12\"> \n                <img decoding=\"async\" class=\"img-fluid center\" src=\"\/wp-content\/uploads\/2020\/06\/Iote07.jpg\" alt=\"\" style=\" border-top: 5px solid #E0E1E3; \">\n            <\/div>\n\n        <\/div>\n      <\/div>\n    <\/div>\n  <\/section>\n\n\n\n<div class=\"container-fluid\" style=\" background-color: #F4F4F4;margin-bottom: -1rem; \">\n  <section class=\"brand-positioning-product-decoration\" style=\" margin: 0rem auto; padding: 4rem 1rem;\">\n    <div class=\"row content-your-solution\">\n      <div class=\"container-fluid\">\n        <h3 class=\"exitokeonn\"> SUCCESS CASES <span>TECNOLOG\u00cdA KEONN<\/span> <\/h3>\n        <div class=\"row mt-5\">\n          <div class=\"col-12 col-md-6\">\n            <div class=\"card-link-blue\" style=\" margin-left: auto; margin-right: 1rem; \">\n              <a href=\"https:\/\/www.rfidjournal.com\/south-african-safari-retailer-boosts-stock-accuracy-with-rfid\" target=\"_blank\" rel=\"noopener noreferrer\">\n                <div class=\"row h-100\">\n                  <div class=\"col-2 d-flex align-items-center\">\n                    <div class=\"card-imgx\">\n                      <img decoding=\"async\" class=\"img-fluid\" src=\"\/wp-content\/uploads\/2020\/06\/links.png\" alt=\"\">\n                    <\/div>\n                  <\/div>\n                  <div class=\"col-10 d-flex align-items-center\">\n                    <div class=\"card-text\">\n                      <p>El minorista sudafricano de safari aumenta la precisi\u00f3n de las existencias con RFID.\n                        <strong>Pulsa aqu\u00ed<\/strong> <\/p>\n                    <\/div>\n                  <\/div>\n                <\/div>\n              <\/a>\n            <\/div>\n          <\/div>\n          <div class=\"col-12 col-md-6\">\n            <div class=\"card-link-blue\">\n              <a href=\"https:\/\/www.rfidjournal.com\/rfid-steps-up-display-accuracy-in-shoe-department\" target=\"_blank\" rel=\"noopener noreferrer\">\n                <div class=\"row  h-100\">\n                  <div class=\"col-2 d-flex align-items-center\">\n                    <div class=\"card-imgx\">\n                      <img decoding=\"async\" class=\"img-fluid\" src=\"\/wp-content\/uploads\/2020\/06\/links.png\" alt=\"\">\n                    <\/div>\n                  <\/div>\n                  <div class=\"col-10 d-flex align-items-center\">\n                    <div class=\"card-text\">\n                      <p>Los \u00abespejos m\u00e1gicos\u00bb de Seafolly hacen m\u00e1s que deleitar a los clientes.\n                        <strong>Pulsa\n                          aqu\u00ed<\/strong> <\/p>\n                    <\/div>\n                  <\/div>\n                <\/div>\n              <\/a>\n            <\/div>\n          <\/div>\n        <\/div>\n\n        <div class=\"row\">\n          <div class=\"col-12 col-md-6\">\n            <div class=\"card-link-blue\" style=\" margin-left: auto; margin-right: 1rem; \">\n              <a href=\"https:\/\/insideretail.com.au\/news\/technology-news\/seafollys-magic-mirrors-do-more-than-delight-customers-201810\" target=\"_blank\" rel=\"noopener noreferrer\">\n                <div class=\"row  h-100\">\n                  <div class=\"col-2 d-flex align-items-center\">\n                    <div class=\"card-imgx\">\n                      <img decoding=\"async\" class=\"img-fluid\" src=\"\/wp-content\/uploads\/2020\/06\/links.png\" alt=\"\">\n                    <\/div>\n                  <\/div>\n                  <div class=\"col-10 d-flex align-items-center\">\n                    <div class=\"card-text\">\n                      <p>La Casa de Busby de Sud\u00e1frica reduce el trabajo de inventario a trav\u00e9s de RFID.\n                        <strong>Pulsa aqu\u00ed<\/strong> <\/p>\n                    <\/div>\n                  <\/div>\n                <\/div>\n              <\/a>\n            <\/div>\n          <\/div>\n          <div class=\"col-12 col-md-6\">\n            <div class=\"card-link-blue\">\n              <a href=\"https:\/\/www.rfidjournal.com\/south-africas-the-house-of-busby-slashes-inventory-labor-via-rfid\" target=\"_blank\" rel=\"noopener noreferrer\">\n                <div class=\"row  h-100\">\n                  <div class=\"col-2 d-flex align-items-center\">\n                    <div class=\"card-imgx\">\n                      <img decoding=\"async\" class=\"img-fluid\" src=\"\/wp-content\/uploads\/2020\/06\/links.png\" alt=\"\">\n                    <\/div>\n                  <\/div>\n                  <div class=\"col-10 d-flex align-items-center\">\n                    <div class=\"card-text\">\n                      <p>RFID increases display accuracy in the shoe department. Click here\n                        <strong>Pulsa\n                          aqu\u00ed<\/strong> <\/p>\n                    <\/div>\n                  <\/div>\n                <\/div>\n              <\/a>\n            <\/div>\n          <\/div>\n        <\/div>\n\n      <\/div>\n    <\/div>\n  <\/section>\n<\/div>","protected":false},"excerpt":{"rendered":"<p>SOLUCI\u00d3N IOT PARA RETAIL SOLUCI\u00d3N IOT- SERVIBARRAS Con la soluci\u00f3n loT para Retail &#8211; Servibarras seguiremos siendo el aliado que le ayudar\u00e1 a desarrollar sus estrategias en los Puntos de Venta, mejorando la experiencia del comprador (BX) obteniendo incrementos en: Ticket Promedio Tasa de Conversi\u00f3n Art\u00edculos por Ticket La lealtad y la recompra ser\u00e1n resultados [&hellip;]<\/p>\n","protected":false},"author":1,"featured_media":0,"parent":415,"menu_order":0,"comment_status":"closed","ping_status":"closed","template":"","meta":{"_acf_changed":false,"footnotes":""},"class_list":["post-990","page","type-page","status-publish","hentry"],"acf":[],"post_mailing_queue_ids":[],"_links":{"self":[{"href":"https:\/\/servibarras.com\/en\/wp-json\/wp\/v2\/pages\/990","targetHints":{"allow":["GET"]}}],"collection":[{"href":"https:\/\/servibarras.com\/en\/wp-json\/wp\/v2\/pages"}],"about":[{"href":"https:\/\/servibarras.com\/en\/wp-json\/wp\/v2\/types\/page"}],"author":[{"embeddable":true,"href":"https:\/\/servibarras.com\/en\/wp-json\/wp\/v2\/users\/1"}],"replies":[{"embeddable":true,"href":"https:\/\/servibarras.com\/en\/wp-json\/wp\/v2\/comments?post=990"}],"version-history":[{"count":93,"href":"https:\/\/servibarras.com\/en\/wp-json\/wp\/v2\/pages\/990\/revisions"}],"predecessor-version":[{"id":1159,"href":"https:\/\/servibarras.com\/en\/wp-json\/wp\/v2\/pages\/990\/revisions\/1159"}],"up":[{"embeddable":true,"href":"https:\/\/servibarras.com\/en\/wp-json\/wp\/v2\/pages\/415"}],"wp:attachment":[{"href":"https:\/\/servibarras.com\/en\/wp-json\/wp\/v2\/media?parent=990"}],"curies":[{"name":"wp","href":"https:\/\/api.w.org\/{rel}","templated":true}]}}