{"id":1443,"date":"2022-04-29T20:45:30","date_gmt":"2022-04-29T20:45:30","guid":{"rendered":"https:\/\/silver-moose-417393.hostingersite.com\/?page_id=1443"},"modified":"2022-04-29T22:19:19","modified_gmt":"2022-04-29T22:19:19","slug":"formularioconfirmado","status":"publish","type":"page","link":"https:\/\/servibarras.com\/en\/formularioconfirmado\/","title":{"rendered":"formulario confirmado"},"content":{"rendered":"<div class=\"conatiner-fluid d-flex flex-wrap align-content-center h100wh\">\n  <div class=\"row\">\n    <div class=\"col-12 col-md-12 col-xl-12\">\n      <section class=\"products-labels\">\n    <div class=\"sect-title\">\n      <h3>HARDWARE<\/h3>\n    <\/div>\n    <div class=\"sect-labels back-white\">\n      <div class=\"row width1366-produc\">\n        <div class=\"col-12 col-md-4 sect-item-products-labels mb-5 pb-5\">\n          <a href=\"\/en\/productos\/hardware\/impresoras\/\">\n            <div class=\"sec-img-label d-flex align-items-center flex-wrap align-content-center\">\n              <img decoding=\"async\" class=\"img-fluid\" src=\"\/wp-content\/uploads\/2020\/05\/4.png\" alt=\"\">\n            <\/div>\n            <div class=\"title-labels\">\n              <h4>PRINTERS<\/h4>\n            <\/div>\n          <\/a>\n        <\/div>\n        <div class=\"col-12 col-md-4  sect-item-products-labels mb-5 pb-5\">\n          <a href=\"\/en\/productos\/hardware\/terminales-portatiles\/\">\n            <div class=\"sec-img-label d-flex align-items-center flex-wrap align-content-center\">\n              <img decoding=\"async\" class=\"img-fluid\" src=\"\/wp-content\/uploads\/2020\/05\/Enmascarar-grupo-364.png\" alt=\"\">\n            <\/div>\n            <div class=\"title-labels\">\n              <h4>MOBILE TERMINALS<\/h4>\n            <\/div>\n          <\/a>\n        <\/div>\n        <div class=\"col-12 col-md-4  sect-item-products-labels mb-5 pb-5\">\n          <a href=\"\/en\/productos\/hardware\/lectores-de-codigo-de-barras\/\">\n            <div class=\"sec-img-label d-flex align-items-center flex-wrap align-content-center\">\n              <img decoding=\"async\" class=\"img-fluid\" src=\"\/wp-content\/uploads\/2020\/05\/Enmascarar-grupo-214.png\" alt=\"\">\n            <\/div>\n            <div class=\"title-labels\">\n              <h4 class=\"translation-block\"><a href=\"https:\/\/silver-moose-417393.hostingersite.com\/en\/productos\/hardware\/lectores-de-codigo-de-barras\/\">\n      <div class=\"sec-img-label d-flex align-items-center flex-wrap align-content-center\">\n        <img class=\"img-fluid\" src=\"\/wp-content\/uploads\/2020\/05\/Enmascarar-grupo-214.png\" alt=\"\">\n      <\/div>\n      <div class=\"title-labels\">\n        <h4>BAR CODE READERS<\/h4>\n      <\/div>\n    <\/a><\/h4>\n            <\/div>\n          <\/a>\n        <\/div>\n        <div class=\"col-12 col-md-4 sect-item-products-labels\">\n          <a href=\"\/en\/productos\/hardware\/kioskos\/\">\n            <div class=\"sec-img-label d-flex align-items-center flex-wrap align-content-center\">\n              <img decoding=\"async\" class=\"img-fluid\" src=\"\/wp-content\/uploads\/2020\/05\/mk3100-photography-website-319-1.png\" alt=\"\">\n            <\/div>\n            <div class=\"title-labels\">\n              <h4>KIOSCOS<\/h4>\n            <\/div>\n          <\/a>\n        <\/div>\n        <div class=\"col-12 col-md-4  sect-item-products-labels\">\n          <a href=\"\/en\/productos\/hardware\/tabletas\/\">\n            <div class=\"sec-img-label d-flex align-items-center flex-wrap align-content-center\">\n              <img decoding=\"async\" class=\"img-fluid\" src=\"\/wp-content\/uploads\/2020\/05\/Enmascarar-grupo-364-1.png\" alt=\"\">\n            <\/div>\n            <div class=\"title-labels\">\n              <h4>TABLETS<\/h4>\n            <\/div>\n          <\/a>\n        <\/div>\n        <div class=\"col-12 col-md-4  sect-item-products-labels\">\n          <a href=\"\/en\/productos\/hardware\/soluciones-de-rfid\/\">\n            <div class=\"sec-img-label d-flex align-items-center flex-wrap align-content-center\">\n              <img decoding=\"async\" class=\"img-fluid\" src=\"\/wp-content\/uploads\/2020\/05\/Grupo-4888.png\" alt=\"\">\n            <\/div>\n            <div class=\"title-labels\">\n              <h4>RFID<\/h4>\n            <\/div>\n          <\/a>\n        <\/div>\n      <\/div>\n    <\/div>\n  <\/section>\n    <\/div>\n    <p class=\"pnew col-12\"><span>Producto Nuevo<\/span> se recomienda validaci\u00f3n previa antes de usar en procesos de\n      impresi\u00f3n\n    <\/p>\n  <\/div>\n<\/div>\n\n\n\n<div id=\"exampleModalCenter\" class=\"modal fade show\" tabindex=\"-1\" role=\"dialog\" aria-labelledby=\"exampleModalCenterTitle\" style=\"padding-right: 17px; display: block;\">\n  <div class=\"modal-dialog modal-dialog-centered\" role=\"document\">\n    <div class=\"modal-content text-center\">\n      <div class=\"row\">\n        <div class=\"col-md-12\">\n          <div class=\"modal-body\">\n<img decoding=\"async\" class=\"img-fluid\" src=\"http:\/\/servibarras.com\/wp-content\/uploads\/2022\/04\/Icon_awesome-check-circle.png\" alt=\"\"><br><br>\n            <h5 class=\"modal-title\" id=\"exampleModalCenterTitle\">\u00a1Se han enviado sus datos con \u00e9xito!<\/h5>\n<br>\n            <p class=\"puno text-center\">Pronto un asesor se comunicar\u00e1 contigo.<\/p>\n          <a href=\"https:\/\/silver-moose-417393.hostingersite.com\/productos\/\" class=\"btn btn-secondary btn-confirmation\" target=\"_blank\" rel=\"noopener\">Volver<\/a>\n          <\/div>\n        <\/div>\n      <\/div>\n    <\/div>\n  <\/div>\n<\/div>\n<div class=\"modal-backdrop fade show\"><\/div>\n\n\n\n<iframe id=\"my_iframe\" style=\"display:none;\"><\/iframe>","protected":false},"excerpt":{"rendered":"<p>HARDWARE IMPRESORAS TERMINALES PORT\u00c1TILES LECTORES DE C\u00d3DIGO DE BARRAS KIOSCOS TABLETAS RFID Producto Nuevo se recomienda validaci\u00f3n previa antes de usar en procesos de impresi\u00f3n \u00a1Se han enviado sus datos con \u00e9xito! Pronto un asesor se comunicar\u00e1 contigo. Volver<\/p>","protected":false},"author":1,"featured_media":0,"parent":0,"menu_order":0,"comment_status":"closed","ping_status":"closed","template":"","meta":{"_acf_changed":false,"footnotes":""},"class_list":["post-1443","page","type-page","status-publish","hentry"],"acf":[],"post_mailing_queue_ids":[],"_links":{"self":[{"href":"https:\/\/servibarras.com\/en\/wp-json\/wp\/v2\/pages\/1443","targetHints":{"allow":["GET"]}}],"collection":[{"href":"https:\/\/servibarras.com\/en\/wp-json\/wp\/v2\/pages"}],"about":[{"href":"https:\/\/servibarras.com\/en\/wp-json\/wp\/v2\/types\/page"}],"author":[{"embeddable":true,"href":"https:\/\/servibarras.com\/en\/wp-json\/wp\/v2\/users\/1"}],"replies":[{"embeddable":true,"href":"https:\/\/servibarras.com\/en\/wp-json\/wp\/v2\/comments?post=1443"}],"version-history":[{"count":27,"href":"https:\/\/servibarras.com\/en\/wp-json\/wp\/v2\/pages\/1443\/revisions"}],"predecessor-version":[{"id":1486,"href":"https:\/\/servibarras.com\/en\/wp-json\/wp\/v2\/pages\/1443\/revisions\/1486"}],"wp:attachment":[{"href":"https:\/\/servibarras.com\/en\/wp-json\/wp\/v2\/media?parent=1443"}],"curies":[{"name":"wp","href":"https:\/\/api.w.org\/{rel}","templated":true}]}}