{"id":1168,"date":"2020-08-31T17:28:18","date_gmt":"2020-08-31T17:28:18","guid":{"rendered":"https:\/\/silver-moose-417393.hostingersite.com\/?page_id=1168"},"modified":"2020-09-02T21:24:30","modified_gmt":"2020-09-02T21:24:30","slug":"manufactura","status":"publish","type":"page","link":"https:\/\/servibarras.com\/en\/soluciones\/soluciones-de-identificacion-y-trazabilidad-de-productos\/manufactura\/","title":{"rendered":""},"content":{"rendered":"<div class=\"content-your-solution\">\n    <div class=\"container-fluid\">\n      <h3 class=\"h3intertatilte center\">\n        OUR VALUE PROPOSITION\n      <\/h3>\n    <\/div>\n  <\/div>\n\n  <div class=\"container\">\n    <section class=\"banner-homme banner-two\" style=\" margin-top: -10px; \">\n      <div data-desktop=\"http:\/\/servibarras.com\/wp-content\/uploads\/2020\/08\/banner1.png\" class=\"background-image-internas\" data-blur=\"0\" style=\"background:linear-gradient(to right, RGBA(255,255,255,0) 0%,RGBA(0,0,0,0.0) 100%), url(http:\/\/servibarras.com\/wp-content\/uploads\/2020\/08\/banner1.png);\">\n      <\/div>\n    <\/section>\n  <\/div>\n\n\n\n<div class=\"sec-title-blue\">\n    <h2>\n      MANUFACTURING\n    <\/h2>\n  <\/div>\n\n\n\n<div class=\"our-value-offer back-white\">\n    <section class=\"sect-labels\">\n      <div class=\"row\">\n        <div class=\"col-12 d-flex flex-wrap align-content-center mb-5\">\n          <div class=\"row mb-4 w-100\">\n            <div class=\"col-12 col-md-3 pr-0 center d-flex justify-content-center max350\">\n              <div class=\"sec-img-solu pr-0\">\n                <img decoding=\"async\" class=\"img-fluid\" src=\"https:\/\/silver-moose-417393.hostingersite.com\/wp-content\/themes\/servibarras\/assets\/images\/solution\/m-planeacion.png\" alt=\"\">\n              <\/div>\n            <\/div>\n            <div class=\"col-12 pl-0 col-md-9 max860\">\n\n              <h4 class=\"mb-0 color-blue\">PRODUCTION PLANNING, SCHEDULING AND CONTROL.<\/h4>\n              <ul class=\"ul-blue\">\n                <li>\n                  <p>Know the progress of the workflow, in real\ntime.<\/p>\n                <\/li>\n                <li>\n                  <p>Properly balance the allocation of resources and supplies.<\/p>\n                <\/li>\n                <li>\n                  <p>Improve management efficiency and transparency through connectivity between equipment, supplies, products and people.<\/p>\n                <\/li>\n                <li>\n                  <p>Quickly\nadjust schedules to meet deadlines.<\/p>\n                <\/li>\n              <\/ul>\n            <\/div>\n          <\/div>\n\n          <div class=\"row mb-4 w-100\">\n            <div class=\"col-12 col-md-3 pr-0 center d-flex justify-content-center max350\">\n              <div class=\"sec-img-solu pr-0\">\n                <img decoding=\"async\" class=\"img-fluid\" src=\"https:\/\/silver-moose-417393.hostingersite.com\/wp-content\/themes\/servibarras\/assets\/images\/solution\/m-aseguramiento.png\" alt=\"\">\n              <\/div>\n            <\/div>\n            <div class=\"col-12 pl-0 col-md-9 max860\">\n              <h4 class=\"mb-0 color-blue\">QUALITY ASSURANCE.<\/h4>\n              <ul class=\"ul-blue\">\n                <li>\n                  <p>Easily and quickly identify defective products.<\/p>\n                <\/li>\n                <li>\n                  <p>Investigate root causes of\nquality disturbances.<\/p>\n                <\/li>\n                <li>\n                  <p>Reduce negative customer experience and improve your brand image.<\/p>\n                <\/li>\n              <\/ul>\n            <\/div>\n          <\/div>\n\n          <div class=\"row mb-4 w-100\">\n            <div class=\"col-12 col-md-3 pr-0 center d-flex justify-content-center  max350\">\n              <div class=\"sec-img-solu pr-0\">\n                <img decoding=\"async\" class=\"img-fluid\" src=\"https:\/\/silver-moose-417393.hostingersite.com\/wp-content\/themes\/servibarras\/assets\/images\/solution\/m-trazabilidad.png\" alt=\"\">\n              <\/div>\n            <\/div>\n            <div class=\"col-12 pl-0 col-md-9 max860\">\n              <h4 class=\"mb-0 color-blue\">TRACEABILITY IN THE PRODUCTION LINE.<\/h4>\n              <ul class=\"ul-blue\">\n                <li>\n                  <p>Quickly and easily identify problems on the line, saving\ntime and effort.<\/p>\n                <\/li>\n                <li>\n                  <p>Record and track the process end-to-end.<\/p>\n                <\/li>\n              <\/ul>\n            <\/div>\n          <\/div>\n\n          <div class=\"row mb-4 w-100\">\n            <div class=\"col-12 col-md-3 pr-0 center d-flex justify-content-center max350\">\n              <div class=\"sec-img-solu pr-0\">\n                <img decoding=\"async\" class=\"img-fluid\" src=\"https:\/\/silver-moose-417393.hostingersite.com\/wp-content\/themes\/servibarras\/assets\/images\/solution\/m-gestionActivos.png\" alt=\"\">\n              <\/div>\n            <\/div>\n            <div class=\"col-12 pl-0 col-md-9 max860\">\n              <h4 class=\"mb-0 color-blue\">ASSET AND FACILITY MANAGEMENT.<\/h4>\n              <ul class=\"ul-blue\">\n                <li>\n                  <p>Improve the registration and control of your assets.<\/p>\n                <\/li>\n                <li>\n                  <p>Keep your equipment and machinery inventory up to date.<\/p>\n                <\/li>\n              <\/ul>\n            <\/div>\n          <\/div>\n        <\/div>\n      <\/div>\n    <\/section>\n  <\/div>","protected":false},"excerpt":{"rendered":"<p>NUESTRA OFERTA DE VALOR MANUFACTURA PLANEACION, PROGRAMACION Y CONTROL DE LA PRODUCCION. Conozca el progreso del flujo de trabajo, en tiempo real. Balancee adecuadamente la asignaci\u00f3n de recursos e insumos. Mejore la eficiencia y la transparencia de la gesti\u00f3n a trav\u00e9s de conectividad entre equipos, suministros, productos y personas. Ajuste r\u00e1pidamente los cronogramas para cumplir [&hellip;]<\/p>\n","protected":false},"author":1,"featured_media":0,"parent":411,"menu_order":0,"comment_status":"closed","ping_status":"closed","template":"","meta":{"_acf_changed":false,"footnotes":""},"class_list":["post-1168","page","type-page","status-publish","hentry"],"acf":[],"post_mailing_queue_ids":[],"_links":{"self":[{"href":"https:\/\/servibarras.com\/en\/wp-json\/wp\/v2\/pages\/1168","targetHints":{"allow":["GET"]}}],"collection":[{"href":"https:\/\/servibarras.com\/en\/wp-json\/wp\/v2\/pages"}],"about":[{"href":"https:\/\/servibarras.com\/en\/wp-json\/wp\/v2\/types\/page"}],"author":[{"embeddable":true,"href":"https:\/\/servibarras.com\/en\/wp-json\/wp\/v2\/users\/1"}],"replies":[{"embeddable":true,"href":"https:\/\/servibarras.com\/en\/wp-json\/wp\/v2\/comments?post=1168"}],"version-history":[{"count":10,"href":"https:\/\/servibarras.com\/en\/wp-json\/wp\/v2\/pages\/1168\/revisions"}],"predecessor-version":[{"id":1237,"href":"https:\/\/servibarras.com\/en\/wp-json\/wp\/v2\/pages\/1168\/revisions\/1237"}],"up":[{"embeddable":true,"href":"https:\/\/servibarras.com\/en\/wp-json\/wp\/v2\/pages\/411"}],"wp:attachment":[{"href":"https:\/\/servibarras.com\/en\/wp-json\/wp\/v2\/media?parent=1168"}],"curies":[{"name":"wp","href":"https:\/\/api.w.org\/{rel}","templated":true}]}}